{"id":37,"date":"2013-12-01T15:43:06","date_gmt":"2013-12-01T15:43:06","guid":{"rendered":"http:\/\/parkinson-blog.de\/?page_id=37"},"modified":"2013-12-01T15:59:08","modified_gmt":"2013-12-01T15:59:08","slug":"impressum","status":"publish","type":"page","link":"http:\/\/parkinson-blog.de\/?page_id=37","title":{"rendered":"Impressum"},"content":{"rendered":"<p><strong>Impressum<\/strong><\/p>\n<p><a href=\"http:\/\/www.parkinson-blog.de\">www.parkinson-blog.de<\/a> ist eine nicht kommerzielle Seite zum Thema Parkinson und nat\u00fcrliche Heilung, die von einem Betroffenen betrieben wird.<\/p>\n<p>Sie erreichen den Blogger unter <a href=\"mailto:parkinson1@gmx.de\">parkinson1@gmx.de<\/a><\/p>\n<p><strong>Wichtiger Hinweis:<\/strong> Alle\u00a0in diesem Blog gemachten\u00a0Hinweise, Berichte und Erfahrungen, sowie Meinungs\u00e4u\u00dferungen spiegeln lediglich eine pers\u00f6nliche Meinung und keine medizinisch begr\u00fcndete\u00a0Therapieempfehlung dar.<\/p>\n<p>Ausdr\u00fccklich wird\u00a0darauf hingewiesen, das niemand auf Grund dieses Blogs seine pers\u00f6nliche, vom Arzt angeordnete Medikation selbst\u00e4ndig \u00e4ndern sollte. Ansprechpartner f\u00fcr jede \u00c4nderung der Medikation ist Ihr Neurologe\/Hausarzt.<\/p>\n<p>Es wird keinerlei Haftung daf\u00fcr \u00fcbernommen, wenn durch Anwendung der hier beschriebenen pers\u00f6nlichen Erfahrungen eine Verschlechterung der Krankheit eintritt. Besprechen Sie alles mit Ihrem Arzt, wenn Sie etwas an Ihrem Leben \u00e4ndern m\u00f6chten. Manche Ern\u00e4hrungs-Hinweise k\u00f6nnten f\u00fcr Sie nicht geeignet sein bzw. vertragen sich nicht mit Ihren Medikamenten.<\/p>\n<p>Kein Mensch ist gleich, deshalb kann auch nicht alles was im Blog steht f\u00fcr alle gelten.<\/p>\n","protected":false},"excerpt":{"rendered":"<p>Impressum www.parkinson-blog.de ist eine nicht kommerzielle Seite zum Thema Parkinson und nat\u00fcrliche Heilung, die von einem Betroffenen betrieben wird. Sie erreichen den Blogger unter parkinson1@gmx.de Wichtiger Hinweis: Alle\u00a0in diesem Blog gemachten\u00a0Hinweise, Berichte und Erfahrungen, sowie Meinungs\u00e4u\u00dferungen spiegeln lediglich eine pers\u00f6nliche Meinung und keine medizinisch begr\u00fcndete\u00a0Therapieempfehlung dar. Ausdr\u00fccklich wird\u00a0darauf hingewiesen, das niemand auf Grund dieses Blogs &hellip; <a href=\"http:\/\/parkinson-blog.de\/?page_id=37\" class=\"more-link\"><span class=\"screen-reader-text\">Impressum<\/span> weiterlesen <span class=\"meta-nav\">&rarr;<\/span><\/a><\/p>\n","protected":false},"author":1,"featured_media":0,"parent":0,"menu_order":0,"comment_status":"open","ping_status":"open","template":"","meta":{"footnotes":""},"_links":{"self":[{"href":"http:\/\/parkinson-blog.de\/index.php?rest_route=\/wp\/v2\/pages\/37"}],"collection":[{"href":"http:\/\/parkinson-blog.de\/index.php?rest_route=\/wp\/v2\/pages"}],"about":[{"href":"http:\/\/parkinson-blog.de\/index.php?rest_route=\/wp\/v2\/types\/page"}],"author":[{"embeddable":true,"href":"http:\/\/parkinson-blog.de\/index.php?rest_route=\/wp\/v2\/users\/1"}],"replies":[{"embeddable":true,"href":"http:\/\/parkinson-blog.de\/index.php?rest_route=%2Fwp%2Fv2%2Fcomments&post=37"}],"version-history":[{"count":4,"href":"http:\/\/parkinson-blog.de\/index.php?rest_route=\/wp\/v2\/pages\/37\/revisions"}],"predecessor-version":[{"id":43,"href":"http:\/\/parkinson-blog.de\/index.php?rest_route=\/wp\/v2\/pages\/37\/revisions\/43"}],"wp:attachment":[{"href":"http:\/\/parkinson-blog.de\/index.php?rest_route=%2Fwp%2Fv2%2Fmedia&parent=37"}],"curies":[{"name":"wp","href":"https:\/\/api.w.org\/{rel}","templated":true}]}}