{"id":81,"date":"2014-01-07T09:35:24","date_gmt":"2014-01-07T09:35:24","guid":{"rendered":"http:\/\/parkinson-blog.de\/?page_id=81"},"modified":"2014-01-07T09:35:24","modified_gmt":"2014-01-07T09:35:24","slug":"disclaimer","status":"publish","type":"page","link":"http:\/\/parkinson-blog.de\/?page_id=81","title":{"rendered":"Disclaimer"},"content":{"rendered":"<p>Wichtiger Hinweis:<br \/>\nDas Landgericht Hamburg hat mit dem Urteil vom 98-05-12 entschieden, da\u00df man durch die Ausbringung eines Links die Inhalte der gelinkten Seite ggf. mit zu verantworten hat. Dies kann man laut Landgericht nur dadurch verhindern, da\u00df man sich ausdr\u00fccklich von diesen Inhalten distanziert. F\u00fcr alle Links dieses Webangebots und seiner Unterseiten gilt:<br \/>\n&#8222;Wir haben keinerlei Einflu\u00df auf die Gestaltung und die Inhalte der gelinkten Seiten. Deshalb distanzieren wir uns hiermit ausdr\u00fccklich von allen Inhalten aller gelinkten Seiten.<br \/>\nHaftungsausschluss<\/p>\n<p><span style=\"text-decoration: underline;\">1. Inhalt des Onlineangebotes<\/span><\/p>\n<p>Der Autor \u00fcbernimmt keinerlei Gew\u00e4hr f\u00fcr die Aktualit\u00e4t, Korrektheit, Vollst\u00e4ndigkeit oder Qualit\u00e4t der bereitgestellten Informationen. Haftungsanspr\u00fcche gegen den Autor, die sich auf Sch\u00e4den materieller oder ideeller Art beziehen, welche durch die Nutzung oder Nichtnutzung der dargebotenen Informationen bzw. durch die Nutzung fehlerhafter und unvollst\u00e4ndiger Informationen verursacht wurden sind grunds\u00e4tzlich ausgeschlossen, sofern seitens des Autors kein nachweislich vors\u00e4tzliches oder grob fahrl\u00e4ssiges Verschulden vorliegt. Alle Angebote sind freibleibend und unverbindlich. Der Autor beh\u00e4lt es sich ausdr\u00fccklich vor, Teile der Seiten oder das gesamte Angebot ohne gesonderte Ank\u00fcndigung zu ver\u00e4ndern, zu erg\u00e4nzen, zu l\u00f6schen oder die Ver\u00f6ffentlichung zeitweise oder endg\u00fcltig einzustellen.<\/p>\n<p><span style=\"text-decoration: underline;\">2. Verweise und Links<\/span><\/p>\n<p>Sofern auf Verweisziele (&#8222;Links&#8220;) direkt oder indirekt verwiesen wird, die au\u00dferhalb des Verantwortungsbereiches des Autors liegen, haftet dieser nur dann, wenn er von den Inhalten Kenntnis hat und es ihm technisch m\u00f6glich und zumutbar w\u00e4re, die Nutzung im Falle rechtswidriger Inhalte zu verhindern. F\u00fcr dar\u00fcber hinausgehende Inhalte und insbesondere f\u00fcr Sch\u00e4den, die aus der Nutzung oder Nichtnutzung solcherart dargebotener Informationen entstehen, haftet allein der Anbieter der Seite, auf welche verwiesen wurde, nicht derjenige, der \u00fcber Links auf die jeweilige Ver\u00f6ffentlichung lediglich verweist. Diese Einschr\u00e4nkung gilt gleicherma\u00dfen auch f\u00fcr Fremdeintr\u00e4ge in vom Autor eingerichteten G\u00e4steb\u00fcchern, Diskussionsforen und Mailinglisten.<\/p>\n<p><span style=\"text-decoration: underline;\">3. Urheberrecht<\/span><\/p>\n<p>Der Autor ist bestrebt, in allen Publikationen die Urheberrechte der verwendeten Grafiken, Tondokumente, Videosequenzen und Texte zu beachten, von ihm selbst erstellte Grafiken, Tondokumente, Videosequenzen und Texte zu nutzen oder auf lizenzfreie Grafiken, Tondokumente, Videosequenzen und Texte zur\u00fcckzugreifen.<\/p>\n<p>Das Copyright f\u00fcr ver\u00f6ffentlichte, vom Autor selbst erstellte Objekte bleibt allein beim Autor der Seiten. Eine Vervielf\u00e4ltigung oder Verwendung solcher Grafiken, Tondokumente, Videosequenzen und Texte in anderen elektronischen oder gedruckten Publikationen ist ohne ausdr\u00fcckliche Zustimmung des Autors nicht gestattet.<\/p>\n","protected":false},"excerpt":{"rendered":"<p>Wichtiger Hinweis: Das Landgericht Hamburg hat mit dem Urteil vom 98-05-12 entschieden, da\u00df man durch die Ausbringung eines Links die Inhalte der gelinkten Seite ggf. mit zu verantworten hat. Dies kann man laut Landgericht nur dadurch verhindern, da\u00df man sich ausdr\u00fccklich von diesen Inhalten distanziert. F\u00fcr alle Links dieses Webangebots und seiner Unterseiten gilt: &#8222;Wir &hellip; <a href=\"http:\/\/parkinson-blog.de\/?page_id=81\" class=\"more-link\"><span class=\"screen-reader-text\">Disclaimer<\/span> weiterlesen <span class=\"meta-nav\">&rarr;<\/span><\/a><\/p>\n","protected":false},"author":1,"featured_media":0,"parent":0,"menu_order":0,"comment_status":"open","ping_status":"open","template":"","meta":{"footnotes":""},"_links":{"self":[{"href":"http:\/\/parkinson-blog.de\/index.php?rest_route=\/wp\/v2\/pages\/81"}],"collection":[{"href":"http:\/\/parkinson-blog.de\/index.php?rest_route=\/wp\/v2\/pages"}],"about":[{"href":"http:\/\/parkinson-blog.de\/index.php?rest_route=\/wp\/v2\/types\/page"}],"author":[{"embeddable":true,"href":"http:\/\/parkinson-blog.de\/index.php?rest_route=\/wp\/v2\/users\/1"}],"replies":[{"embeddable":true,"href":"http:\/\/parkinson-blog.de\/index.php?rest_route=%2Fwp%2Fv2%2Fcomments&post=81"}],"version-history":[{"count":1,"href":"http:\/\/parkinson-blog.de\/index.php?rest_route=\/wp\/v2\/pages\/81\/revisions"}],"predecessor-version":[{"id":83,"href":"http:\/\/parkinson-blog.de\/index.php?rest_route=\/wp\/v2\/pages\/81\/revisions\/83"}],"wp:attachment":[{"href":"http:\/\/parkinson-blog.de\/index.php?rest_route=%2Fwp%2Fv2%2Fmedia&parent=81"}],"curies":[{"name":"wp","href":"https:\/\/api.w.org\/{rel}","templated":true}]}}